{"id":927,"date":"2015-10-20T03:43:38","date_gmt":"2015-10-20T03:43:38","guid":{"rendered":"http:\/\/www.chateau-auris.com\/en\/recompenses-et-medailles\/"},"modified":"2016-04-15T07:15:29","modified_gmt":"2016-04-15T07:15:29","slug":"recompenses-et-medailles","status":"publish","type":"page","link":"https:\/\/www.chateau-auris.com\/en\/recompenses-et-medailles\/","title":{"rendered":"R\u00e9compenses et m\u00e9dailles"},"content":{"rendered":"<div class=\"vc_row wpb_row vc_row-fluid\"><div class=\"wpb_column vc_column_container vc_col-sm-3\"><div class=\"wpb_wrapper\">\n\t<div class=\"wpb_single_image wpb_content_element vc_align_center\">\n\t\t<div class=\"wpb_wrapper\">\n\t\t\t\n\t\t\t<div class=\"vc_single_image-wrapper   vc_box_border_grey\"><img loading=\"lazy\" decoding=\"async\" width=\"150\" height=\"150\" src=\"https:\/\/www.chateau-auris.com\/wp-content\/uploads\/2015\/10\/medaille-dor-150x150.jpg\" class=\"vc_single_image-img attachment-thumbnail\" alt=\"\" \/><\/div>\n\t\t<\/div>\n\t<\/div>\n\n\t<div class=\"wpb_single_image wpb_content_element vc_align_center\">\n\t\t<div class=\"wpb_wrapper\">\n\t\t\t\n\t\t\t<div class=\"vc_single_image-wrapper   vc_box_border_grey\"><img loading=\"lazy\" decoding=\"async\" width=\"150\" height=\"150\" src=\"https:\/\/www.chateau-auris.com\/wp-content\/uploads\/2015\/10\/download1-150x150.jpg\" class=\"vc_single_image-img attachment-thumbnail\" alt=\"\" \/><\/div>\n\t\t<\/div>\n\t<\/div>\n\n\t<div class=\"wpb_single_image wpb_content_element vc_align_center\">\n\t\t<div class=\"wpb_wrapper\">\n\t\t\t\n\t\t\t<div class=\"vc_single_image-wrapper   vc_box_border_grey\"><img loading=\"lazy\" decoding=\"async\" width=\"150\" height=\"150\" src=\"https:\/\/www.chateau-auris.com\/wp-content\/uploads\/2015\/10\/Bronze-CGA-150x150.jpg\" class=\"vc_single_image-img attachment-thumbnail\" alt=\"\" \/><\/div>\n\t\t<\/div>\n\t<\/div>\n<\/div><\/div><div class=\"wpb_column vc_column_container vc_col-sm-9\"><div class=\"wpb_wrapper\"><h6 style=\"text-align: left;font-family:Cinzel;font-weight:400;font-style:normal\" class=\"vc_custom_heading\">Concours G\u00e9n\u00e9ral Agricole de PARIS<\/h6>\n\t<div class=\"wpb_text_column wpb_content_element \">\n\t\t<div class=\"wpb_wrapper\">\n\t\t\t<p><em><strong>Ch\u00e2teau AURIS<\/strong><\/em><\/p>\n<p>Ros\u00e9 2014 : M\u00e9daille d\u2019Or 2015<br \/>\nBlanc 2014\u00a0: M\u00e9daille de Bronze 2015<br \/>\nRouge 2012\u00a0: M\u00e9daille d\u2019Argent 2014<br \/>\nBlanc 2013\u00a0: M\u00e9daille d\u2019Argent<br \/>\nRos\u00e9 2012\u00a0:M\u00e9daille d\u2019Or 2013<br \/>\nBlanc 2011\u00a0: M\u00e9daille d\u2019Argent 2012<br \/>\nRos\u00e9 2011\u00a0: M\u00e9daille d\u2019Or 2012<br \/>\nBlanc 2010\u00a0:M\u00e9daille d\u2019Or 2011<br \/>\nRos\u00e9 2010\u00a0: M\u00e9daille d\u2019Or 2011<br \/>\nRouge 2009\u00a0: M\u00e9daille d\u2019Argent 2011<\/p>\n<p><em><strong>Domaine St Julien d\u2019AURIS<br \/>\n<\/strong><\/em><br \/>\nRos\u00e9 2009: M\u00e9daille d\u2019ARGENT 2010<br \/>\nBlanc 2011: M\u00e9daille d\u2019ARGENT 2012<br \/>\nRos\u00e9 2011: M\u00e9daille d\u2019OR 2012<br \/>\nBlanc 2010: M\u00e9daille d\u2019OR 2011<br \/>\nRos\u00e9 2010: M\u00e9daille d\u2019OR 2011<br \/>\nRouge 2009: M\u00e9daille d\u2019ARGENT 2011<\/p>\n\n\t\t<\/div>\n\t<\/div>\n<\/div><\/div><\/div><div class=\"vc_row wpb_row vc_row-fluid\"><div class=\"wpb_column vc_column_container vc_col-sm-12\"><div class=\"wpb_wrapper\"><div class=\"vc_separator wpb_content_element vc_separator_align_center vc_sep_width_100 vc_sep_pos_align_center vc_separator_no_text vc_sep_color_grey\"><span\n\t\tclass=\"vc_sep_holder vc_sep_holder_l\"><span\t\t\tclass=\"vc_sep_line\"><\/span><\/span><span\n\t\tclass=\"vc_sep_holder vc_sep_holder_r\"><span class=\"vc_sep_line\"><\/span><\/span>\n\t<\/div><\/div><\/div><\/div><div class=\"vc_row wpb_row vc_row-fluid\"><div class=\"wpb_column vc_column_container vc_col-sm-3\"><div class=\"wpb_wrapper\">\n\t<div class=\"wpb_single_image wpb_content_element vc_align_center\">\n\t\t<div class=\"wpb_wrapper\">\n\t\t\t\n\t\t\t<div class=\"vc_single_image-wrapper   vc_box_border_grey\"><img loading=\"lazy\" decoding=\"async\" width=\"123\" height=\"125\" src=\"https:\/\/www.chateau-auris.com\/wp-content\/uploads\/2015\/10\/concours_resize1.jpg\" class=\"vc_single_image-img attachment-thumbnail\" alt=\"\" \/><\/div>\n\t\t<\/div>\n\t<\/div>\n\n\t<div class=\"wpb_single_image wpb_content_element vc_align_center\">\n\t\t<div class=\"wpb_wrapper\">\n\t\t\t\n\t\t\t<div class=\"vc_single_image-wrapper   vc_box_border_grey\"><img loading=\"lazy\" decoding=\"async\" width=\"123\" height=\"125\" src=\"https:\/\/www.chateau-auris.com\/wp-content\/uploads\/2015\/10\/concours-macon-argent_RESIZE.jpg\" class=\"vc_single_image-img attachment-thumbnail\" alt=\"\" \/><\/div>\n\t\t<\/div>\n\t<\/div>\n\n\t<div class=\"wpb_single_image wpb_content_element vc_align_center\">\n\t\t<div class=\"wpb_wrapper\">\n\t\t\t\n\t\t\t<div class=\"vc_single_image-wrapper   vc_box_border_grey\"><img loading=\"lazy\" decoding=\"async\" width=\"150\" height=\"150\" src=\"https:\/\/www.chateau-auris.com\/wp-content\/uploads\/2015\/10\/Macon-Bronze-150x150.jpg\" class=\"vc_single_image-img attachment-thumbnail\" alt=\"\" \/><\/div>\n\t\t<\/div>\n\t<\/div>\n<\/div><\/div><div class=\"wpb_column vc_column_container vc_col-sm-9\"><div class=\"wpb_wrapper\"><h6 style=\"text-align: left;font-family:Cinzel;font-weight:400;font-style:normal\" class=\"vc_custom_heading\">Concours des Grands Vins de France de MACON<\/h6>\n\t<div class=\"wpb_text_column wpb_content_element \">\n\t\t<div class=\"wpb_wrapper\">\n\t\t\t<p><em><strong>Ch\u00e2teau AURIS<\/strong><\/em><\/p>\n<p>Blanc 2013:M\u00e9daille de Bronze<br \/>\nRos\u00e9 2013: M\u00e9daille de Bronze<br \/>\nBlanc 2008: M\u00e9daille d\u2019Argent<br \/>\nRouge 2008: M\u00e9daille de Bronze<\/p>\n<p><em><strong>Domaine St Julien d\u2019AURIS<\/strong><\/em><\/p>\n<p>Rouge 2012: M\u00e9daille d\u2019Or<br \/>\nRouge 2011: M\u00e9daille d\u2019Or<br \/>\nBlanc 2009: M\u00e9daille de Bronze 2010<\/p>\n\n\t\t<\/div>\n\t<\/div>\n<\/div><\/div><\/div><div class=\"vc_row wpb_row vc_row-fluid\"><div class=\"wpb_column vc_column_container vc_col-sm-12\"><div class=\"wpb_wrapper\"><div class=\"vc_separator wpb_content_element vc_separator_align_center vc_sep_width_100 vc_sep_pos_align_center vc_separator_no_text vc_sep_color_grey\"><span\n\t\tclass=\"vc_sep_holder vc_sep_holder_l\"><span\t\t\tclass=\"vc_sep_line\"><\/span><\/span><span\n\t\tclass=\"vc_sep_holder vc_sep_holder_r\"><span class=\"vc_sep_line\"><\/span><\/span>\n\t<\/div><\/div><\/div><\/div><div class=\"vc_row wpb_row vc_row-fluid\"><div class=\"wpb_column vc_column_container vc_col-sm-3\"><div class=\"wpb_wrapper\">\n\t<div class=\"wpb_single_image wpb_content_element vc_align_center\">\n\t\t<div class=\"wpb_wrapper\">\n\t\t\t\n\t\t\t<div class=\"vc_single_image-wrapper   vc_box_border_grey\"><img loading=\"lazy\" decoding=\"async\" width=\"150\" height=\"150\" src=\"https:\/\/www.chateau-auris.com\/wp-content\/uploads\/2015\/10\/Canada-OR.gif\" class=\"vc_single_image-img attachment-thumbnail\" alt=\"\" \/><\/div>\n\t\t<\/div>\n\t<\/div>\n\n\t<div class=\"wpb_single_image wpb_content_element vc_align_center\">\n\t\t<div class=\"wpb_wrapper\">\n\t\t\t\n\t\t\t<div class=\"vc_single_image-wrapper   vc_box_border_grey\"><img loading=\"lazy\" decoding=\"async\" width=\"150\" height=\"150\" src=\"https:\/\/www.chateau-auris.com\/wp-content\/uploads\/2015\/10\/CANADA-ARGENT-150x150.jpg\" class=\"vc_single_image-img attachment-thumbnail\" alt=\"\" srcset=\"https:\/\/www.chateau-auris.com\/wp-content\/uploads\/2015\/10\/CANADA-ARGENT-150x150.jpg 150w, https:\/\/www.chateau-auris.com\/wp-content\/uploads\/2015\/10\/CANADA-ARGENT-300x300.jpg 300w, https:\/\/www.chateau-auris.com\/wp-content\/uploads\/2015\/10\/CANADA-ARGENT-380x380.jpg 380w, https:\/\/www.chateau-auris.com\/wp-content\/uploads\/2015\/10\/CANADA-ARGENT.jpg 390w\" sizes=\"(max-width: 150px) 100vw, 150px\" \/><\/div>\n\t\t<\/div>\n\t<\/div>\n<\/div><\/div><div class=\"wpb_column vc_column_container vc_col-sm-9\"><div class=\"wpb_wrapper\"><h6 style=\"text-align: left;font-family:Cinzel;font-weight:400;font-style:normal\" class=\"vc_custom_heading\">S\u00e9lection Mondiales Canada<\/h6>\n\t<div class=\"wpb_text_column wpb_content_element \">\n\t\t<div class=\"wpb_wrapper\">\n\t\t\t<p><em><strong>Ch\u00e2teau AURIS<br \/>\n<\/strong><\/em><br \/>\nRouge 2009: M\u00e9daille d&#8217;OR 2011<br \/>\nBlanc 2014: M\u00e9daille d\u2019Argent<\/p>\n\n\t\t<\/div>\n\t<\/div>\n<\/div><\/div><\/div><div class=\"vc_row wpb_row vc_row-fluid\"><div class=\"wpb_column vc_column_container vc_col-sm-12\"><div class=\"wpb_wrapper\"><div class=\"vc_separator wpb_content_element vc_separator_align_center vc_sep_width_100 vc_sep_pos_align_center vc_separator_no_text vc_sep_color_grey\"><span\n\t\tclass=\"vc_sep_holder vc_sep_holder_l\"><span\t\t\tclass=\"vc_sep_line\"><\/span><\/span><span\n\t\tclass=\"vc_sep_holder vc_sep_holder_r\"><span class=\"vc_sep_line\"><\/span><\/span>\n\t<\/div><\/div><\/div><\/div><div class=\"vc_row wpb_row vc_row-fluid\"><div class=\"wpb_column vc_column_container vc_col-sm-3\"><div class=\"wpb_wrapper\">\n\t<div class=\"wpb_single_image wpb_content_element vc_align_center\">\n\t\t<div class=\"wpb_wrapper\">\n\t\t\t\n\t\t\t<div class=\"vc_single_image-wrapper   vc_box_border_grey\"><img loading=\"lazy\" decoding=\"async\" width=\"150\" height=\"150\" src=\"https:\/\/www.chateau-auris.com\/wp-content\/uploads\/2015\/10\/concours-mondial-bruxelles-or-150x150.jpg\" class=\"vc_single_image-img attachment-thumbnail\" alt=\"\" srcset=\"https:\/\/www.chateau-auris.com\/wp-content\/uploads\/2015\/10\/concours-mondial-bruxelles-or-150x150.jpg 150w, https:\/\/www.chateau-auris.com\/wp-content\/uploads\/2015\/10\/concours-mondial-bruxelles-or.jpg 250w\" sizes=\"(max-width: 150px) 100vw, 150px\" \/><\/div>\n\t\t<\/div>\n\t<\/div>\n\n\t<div class=\"wpb_single_image wpb_content_element vc_align_center\">\n\t\t<div class=\"wpb_wrapper\">\n\t\t\t\n\t\t\t<div class=\"vc_single_image-wrapper   vc_box_border_grey\"><img loading=\"lazy\" decoding=\"async\" width=\"150\" height=\"150\" src=\"https:\/\/www.chateau-auris.com\/wp-content\/uploads\/2015\/10\/M\u00e9daille-dargent-concours-mondial-de-Bruxelles-150x150.jpg\" class=\"vc_single_image-img attachment-thumbnail\" alt=\"\" \/><\/div>\n\t\t<\/div>\n\t<\/div>\n<\/div><\/div><div class=\"wpb_column vc_column_container vc_col-sm-9\"><div class=\"wpb_wrapper\"><h6 style=\"text-align: left;font-family:Cinzel;font-weight:400;font-style:normal\" class=\"vc_custom_heading\">Concours Mondial de Bruxelles<\/h6>\n\t<div class=\"wpb_text_column wpb_content_element \">\n\t\t<div class=\"wpb_wrapper\">\n\t\t\t<p><em><strong>Ch\u00e2teau AURIS<\/strong><\/em><\/p>\n<p>Blanc 2010: M\u00e9daille d\u2019OR 2011<br \/>\nRos\u00e9 2010: M\u00e9daille d&#8217;ARGENT 2011<\/p>\n\n\t\t<\/div>\n\t<\/div>\n<\/div><\/div><\/div><div class=\"vc_row wpb_row vc_row-fluid\"><div class=\"wpb_column vc_column_container vc_col-sm-12\"><div class=\"wpb_wrapper\"><div class=\"vc_separator wpb_content_element vc_separator_align_center vc_sep_width_100 vc_sep_pos_align_center vc_separator_no_text vc_sep_color_grey\"><span\n\t\tclass=\"vc_sep_holder vc_sep_holder_l\"><span\t\t\tclass=\"vc_sep_line\"><\/span><\/span><span\n\t\tclass=\"vc_sep_holder vc_sep_holder_r\"><span class=\"vc_sep_line\"><\/span><\/span>\n\t<\/div><\/div><\/div><\/div><div class=\"vc_row wpb_row vc_row-fluid\"><div class=\"wpb_column vc_column_container vc_col-sm-3\"><div class=\"wpb_wrapper\">\n\t<div class=\"wpb_single_image wpb_content_element vc_align_center\">\n\t\t<div class=\"wpb_wrapper\">\n\t\t\t\n\t\t\t<div class=\"vc_single_image-wrapper   vc_box_border_grey\"><img loading=\"lazy\" decoding=\"async\" width=\"150\" height=\"150\" src=\"https:\/\/www.chateau-auris.com\/wp-content\/uploads\/2015\/10\/Vinalies-Argent-150x150.png\" class=\"vc_single_image-img attachment-thumbnail\" alt=\"\" \/><\/div>\n\t\t<\/div>\n\t<\/div>\n<\/div><\/div><div class=\"wpb_column vc_column_container vc_col-sm-9\"><div class=\"wpb_wrapper\"><h6 style=\"text-align: left;font-family:Cinzel;font-weight:400;font-style:normal\" class=\"vc_custom_heading\">Vinalies Internationales<\/h6>\n\t<div class=\"wpb_text_column wpb_content_element \">\n\t\t<div class=\"wpb_wrapper\">\n\t\t\t<p><em><strong>Ch\u00e2teau AURIS\u00a0<\/strong><\/em><\/p>\n<p>Rouge 2008: M\u00e9daille d\u2019ARGENT 2011<\/p>\n\n\t\t<\/div>\n\t<\/div>\n<\/div><\/div><\/div><div class=\"vc_row wpb_row vc_row-fluid\"><div class=\"wpb_column vc_column_container vc_col-sm-12\"><div class=\"wpb_wrapper\"><div class=\"vc_separator wpb_content_element vc_separator_align_center vc_sep_width_100 vc_sep_pos_align_center vc_separator_no_text vc_sep_color_grey\"><span\n\t\tclass=\"vc_sep_holder vc_sep_holder_l\"><span\t\t\tclass=\"vc_sep_line\"><\/span><\/span><span\n\t\tclass=\"vc_sep_holder vc_sep_holder_r\"><span class=\"vc_sep_line\"><\/span><\/span>\n\t<\/div><\/div><\/div><\/div><div class=\"vc_row wpb_row vc_row-fluid\"><div class=\"wpb_column vc_column_container vc_col-sm-3\"><div class=\"wpb_wrapper\">\n\t<div class=\"wpb_single_image wpb_content_element vc_align_center\">\n\t\t<div class=\"wpb_wrapper\">\n\t\t\t\n\t\t\t<div class=\"vc_single_image-wrapper   vc_box_border_grey\"><img loading=\"lazy\" decoding=\"async\" width=\"150\" height=\"150\" src=\"https:\/\/www.chateau-auris.com\/wp-content\/uploads\/2015\/10\/DECANTER-BRONZE-150x150.jpg\" class=\"vc_single_image-img attachment-thumbnail\" alt=\"\" \/><\/div>\n\t\t<\/div>\n\t<\/div>\n<\/div><\/div><div class=\"wpb_column vc_column_container vc_col-sm-9\"><div class=\"wpb_wrapper\"><h6 style=\"text-align: left;font-family:Cinzel;font-weight:400;font-style:normal\" class=\"vc_custom_heading\">Decanter World Wine Awards<\/h6>\n\t<div class=\"wpb_text_column wpb_content_element \">\n\t\t<div class=\"wpb_wrapper\">\n\t\t\t<p><em><strong>Ch\u00e2teau AURIS<\/strong><\/em><\/p>\n<p>Rouge 2008: M\u00e9daille de Bronze<\/p>\n\n\t\t<\/div>\n\t<\/div>\n<\/div><\/div><\/div><div class=\"vc_row wpb_row vc_row-fluid\"><div class=\"wpb_column vc_column_container vc_col-sm-12\"><div class=\"wpb_wrapper\"><div class=\"vc_separator wpb_content_element vc_separator_align_center vc_sep_width_100 vc_sep_pos_align_center vc_separator_no_text vc_sep_color_grey\"><span\n\t\tclass=\"vc_sep_holder vc_sep_holder_l\"><span\t\t\tclass=\"vc_sep_line\"><\/span><\/span><span\n\t\tclass=\"vc_sep_holder vc_sep_holder_r\"><span class=\"vc_sep_line\"><\/span><\/span>\n\t<\/div><\/div><\/div><\/div><div class=\"vc_row wpb_row vc_row-fluid\"><div class=\"wpb_column vc_column_container vc_col-sm-3\"><div class=\"wpb_wrapper\">\n\t<div class=\"wpb_single_image wpb_content_element vc_align_center\">\n\t\t<div class=\"wpb_wrapper\">\n\t\t\t\n\t\t\t<div class=\"vc_single_image-wrapper   vc_box_border_grey\"><img loading=\"lazy\" decoding=\"async\" width=\"150\" height=\"150\" src=\"https:\/\/www.chateau-auris.com\/wp-content\/uploads\/2015\/10\/DECANTER-ASIA-20151-150x150.jpg\" class=\"vc_single_image-img attachment-thumbnail\" alt=\"\" srcset=\"https:\/\/www.chateau-auris.com\/wp-content\/uploads\/2015\/10\/DECANTER-ASIA-20151-150x150.jpg 150w, https:\/\/www.chateau-auris.com\/wp-content\/uploads\/2015\/10\/DECANTER-ASIA-20151.jpg 250w\" sizes=\"(max-width: 150px) 100vw, 150px\" \/><\/div>\n\t\t<\/div>\n\t<\/div>\n<\/div><\/div><div class=\"wpb_column vc_column_container vc_col-sm-9\"><div class=\"wpb_wrapper\"><h6 style=\"text-align: left;font-family:Cinzel;font-weight:400;font-style:normal\" class=\"vc_custom_heading\">Decanter Asia Wines Awards<\/h6>\n\t<div class=\"wpb_text_column wpb_content_element \">\n\t\t<div class=\"wpb_wrapper\">\n\t\t\t<p><em><strong>Ch\u00e2teau AURIS<\/strong><\/em><\/p>\n<p>St Julien d\u2019Auris Rouge 2014: M\u00e9daille de Bronze 2015<\/p>\n\n\t\t<\/div>\n\t<\/div>\n<\/div><\/div><\/div><div class=\"vc_row wpb_row vc_row-fluid\"><div class=\"wpb_column vc_column_container vc_col-sm-12\"><div class=\"wpb_wrapper\"><div class=\"vc_separator wpb_content_element vc_separator_align_center vc_sep_width_100 vc_sep_pos_align_center vc_separator_no_text vc_sep_color_grey\"><span\n\t\tclass=\"vc_sep_holder vc_sep_holder_l\"><span\t\t\tclass=\"vc_sep_line\"><\/span><\/span><span\n\t\tclass=\"vc_sep_holder vc_sep_holder_r\"><span class=\"vc_sep_line\"><\/span><\/span>\n\t<\/div><\/div><\/div><\/div><div class=\"vc_row wpb_row vc_row-fluid\"><div class=\"wpb_column vc_column_container vc_col-sm-3\"><div class=\"wpb_wrapper\">\n\t<div class=\"wpb_single_image wpb_content_element vc_align_center\">\n\t\t<div class=\"wpb_wrapper\">\n\t\t\t\n\t\t\t<div class=\"vc_single_image-wrapper   vc_box_border_grey\"><img loading=\"lazy\" decoding=\"async\" width=\"149\" height=\"150\" src=\"https:\/\/www.chateau-auris.com\/wp-content\/uploads\/2015\/10\/IWC-SILVER-149x150.jpg\" class=\"vc_single_image-img attachment-thumbnail\" alt=\"\" \/><\/div>\n\t\t<\/div>\n\t<\/div>\n<\/div><\/div><div class=\"wpb_column vc_column_container vc_col-sm-9\"><div class=\"wpb_wrapper\"><h6 style=\"text-align: left;font-family:Cinzel;font-weight:400;font-style:normal\" class=\"vc_custom_heading\">International Wine &amp; Spirit Competition<\/h6>\n\t<div class=\"wpb_text_column wpb_content_element \">\n\t\t<div class=\"wpb_wrapper\">\n\t\t\t<p><em><strong>Ch\u00e2teau Auris<\/strong><\/em><\/p>\n<p>Rouge 2008: M\u00e9daille d\u2019Argent 2011<\/p>\n\n\t\t<\/div>\n\t<\/div>\n<\/div><\/div><\/div><div class=\"vc_row wpb_row vc_row-fluid\"><div class=\"wpb_column vc_column_container vc_col-sm-12\"><div class=\"wpb_wrapper\"><div class=\"vc_separator wpb_content_element vc_separator_align_center vc_sep_width_100 vc_sep_pos_align_center vc_separator_no_text vc_sep_color_grey\"><span\n\t\tclass=\"vc_sep_holder vc_sep_holder_l\"><span\t\t\tclass=\"vc_sep_line\"><\/span><\/span><span\n\t\tclass=\"vc_sep_holder vc_sep_holder_r\"><span class=\"vc_sep_line\"><\/span><\/span>\n\t<\/div><\/div><\/div><\/div><div class=\"vc_row wpb_row vc_row-fluid\"><div class=\"wpb_column vc_column_container vc_col-sm-3\"><div class=\"wpb_wrapper\"><\/div><\/div><div class=\"wpb_column vc_column_container vc_col-sm-9\"><div class=\"wpb_wrapper\"><h6 style=\"text-align: left;font-family:Cinzel;font-weight:400;font-style:normal\" class=\"vc_custom_heading\">Concours de la Foire de Brignoles<\/h6>\n\t<div class=\"wpb_text_column wpb_content_element \">\n\t\t<div class=\"wpb_wrapper\">\n\t\t\t<p><strong><em>Domaine de Saint Julien d\u2019Auris<\/em><\/strong><\/p>\n<p>Ros\u00e9 2011: M\u00e9daille d\u2019Argent<\/p>\n\n\t\t<\/div>\n\t<\/div>\n<\/div><\/div><\/div><div class=\"vc_row wpb_row vc_row-fluid\"><div class=\"wpb_column vc_column_container vc_col-sm-12\"><div class=\"wpb_wrapper\"><div class=\"vc_separator wpb_content_element vc_separator_align_center vc_sep_width_100 vc_sep_pos_align_center vc_separator_no_text vc_sep_color_grey\"><span\n\t\tclass=\"vc_sep_holder vc_sep_holder_l\"><span\t\t\tclass=\"vc_sep_line\"><\/span><\/span><span\n\t\tclass=\"vc_sep_holder vc_sep_holder_r\"><span class=\"vc_sep_line\"><\/span><\/span>\n\t<\/div><\/div><\/div><\/div><div class=\"vc_row wpb_row vc_row-fluid\"><div class=\"wpb_column vc_column_container vc_col-sm-3\"><div class=\"wpb_wrapper\"><\/div><\/div><div class=\"wpb_column vc_column_container vc_col-sm-9\"><div class=\"wpb_wrapper\"><h6 style=\"text-align: left;font-family:Cinzel;font-weight:400;font-style:normal\" class=\"vc_custom_heading\">Concours Interprofessionnel Corbi\u00e8res<\/h6>\n\t<div class=\"wpb_text_column wpb_content_element \">\n\t\t<div class=\"wpb_wrapper\">\n\t\t\t<p><em><strong>Ch\u00e2teau<\/strong><strong> Auris<\/strong><\/em><\/p>\n<p>Blanc 2013: C d\u2019Or 2014<\/p>\n<p><strong><em>Domaine de Saint Julien d\u2019Auris<\/em><\/strong><\/p>\n<p>Saint Julien d\u2019Auris Blanc 2014: C d\u2019Or 2015<br \/>\nRouge 2012: C d\u2019Or 2014<\/p>\n\n\t\t<\/div>\n\t<\/div>\n<\/div><\/div><\/div><div class=\"vc_row wpb_row vc_row-fluid\"><div class=\"wpb_column vc_column_container vc_col-sm-12\"><div class=\"wpb_wrapper\"><div class=\"vc_separator wpb_content_element vc_separator_align_center vc_sep_width_100 vc_sep_pos_align_center vc_separator_no_text vc_sep_color_grey\"><span\n\t\tclass=\"vc_sep_holder vc_sep_holder_l\"><span\t\t\tclass=\"vc_sep_line\"><\/span><\/span><span\n\t\tclass=\"vc_sep_holder vc_sep_holder_r\"><span class=\"vc_sep_line\"><\/span><\/span>\n\t<\/div><\/div><\/div><\/div><div class=\"vc_row wpb_row vc_row-fluid\"><div class=\"wpb_column vc_column_container vc_col-sm-3\"><div class=\"wpb_wrapper\">\n\t<div class=\"wpb_single_image wpb_content_element vc_align_center\">\n\t\t<div class=\"wpb_wrapper\">\n\t\t\t\n\t\t\t<div class=\"vc_single_image-wrapper   vc_box_border_grey\"><img loading=\"lazy\" decoding=\"async\" width=\"150\" height=\"150\" src=\"https:\/\/www.chateau-auris.com\/wp-content\/uploads\/2015\/10\/M\u00e9daille-Or_Cologne-2015-150x150.jpg\" class=\"vc_single_image-img attachment-thumbnail\" alt=\"\" \/><\/div>\n\t\t<\/div>\n\t<\/div>\n\n\t<div class=\"wpb_single_image wpb_content_element vc_align_center\">\n\t\t<div class=\"wpb_wrapper\">\n\t\t\t\n\t\t\t<div class=\"vc_single_image-wrapper   vc_box_border_grey\"><img loading=\"lazy\" decoding=\"async\" width=\"150\" height=\"150\" src=\"https:\/\/www.chateau-auris.com\/wp-content\/uploads\/2015\/10\/M\u00e9daille-Argent_Cologne-2015-150x150.jpg\" class=\"vc_single_image-img attachment-thumbnail\" alt=\"\" \/><\/div>\n\t\t<\/div>\n\t<\/div>\n<\/div><\/div><div class=\"wpb_column vc_column_container vc_col-sm-9\"><div class=\"wpb_wrapper\"><h6 style=\"text-align: left;font-family:Cinzel;font-weight:400;font-style:normal\" class=\"vc_custom_heading\">All Wines Cologne 2015<\/h6>\n\t<div class=\"wpb_text_column wpb_content_element \">\n\t\t<div class=\"wpb_wrapper\">\n\t\t\t<p><em><strong>Ch\u00e2teau<\/strong><strong> Auris<\/strong><\/em><\/p>\n<p>Rouge 2014: M\u00e9daille d\u2019Or<br \/>\n2014: M\u00e9daille d\u2019Argent<\/p>\n\n\t\t<\/div>\n\t<\/div>\n<\/div><\/div><\/div>\n","protected":false},"excerpt":{"rendered":"Concours G\u00e9n\u00e9ral Agricole de PARIS Ch\u00e2teau AURIS Ros\u00e9 2014 : M\u00e9daille d\u2019Or 2015 Blanc 2014\u00a0: M\u00e9daille de Bronze 2015 Rouge 2012\u00a0: M\u00e9daille d\u2019Argent 2014 Blanc 2013\u00a0: M\u00e9daille d\u2019Argent Ros\u00e9 2012\u00a0:M\u00e9daille d\u2019Or 2013 Blanc 2011\u00a0: M\u00e9daille d\u2019Argent 2012 Ros\u00e9 2011\u00a0: M\u00e9daille d\u2019Or 2012 Blanc 2010\u00a0:M\u00e9daille d\u2019Or 2011 Ros\u00e9 2010\u00a0: M\u00e9daille d\u2019Or 2011 Rouge 2009\u00a0: M\u00e9daille d\u2019Argent [...]","protected":false},"author":2,"featured_media":739,"parent":0,"menu_order":0,"comment_status":"closed","ping_status":"closed","template":"","meta":{"footnotes":""},"_links":{"self":[{"href":"https:\/\/www.chateau-auris.com\/en\/wp-json\/wp\/v2\/pages\/927\/"}],"collection":[{"href":"https:\/\/www.chateau-auris.com\/en\/wp-json\/wp\/v2\/pages\/"}],"about":[{"href":"https:\/\/www.chateau-auris.com\/en\/wp-json\/wp\/v2\/types\/page\/"}],"author":[{"embeddable":true,"href":"https:\/\/www.chateau-auris.com\/en\/wp-json\/wp\/v2\/users\/2\/"}],"replies":[{"embeddable":true,"href":"https:\/\/www.chateau-auris.com\/en\/wp-json\/wp\/v2\/comments\/?post=927"}],"version-history":[{"count":1,"href":"https:\/\/www.chateau-auris.com\/en\/wp-json\/wp\/v2\/pages\/927\/revisions\/"}],"predecessor-version":[{"id":954,"href":"https:\/\/www.chateau-auris.com\/en\/wp-json\/wp\/v2\/pages\/927\/revisions\/954\/"}],"wp:featuredmedia":[{"embeddable":true,"href":"https:\/\/www.chateau-auris.com\/en\/wp-json\/wp\/v2\/media\/739\/"}],"wp:attachment":[{"href":"https:\/\/www.chateau-auris.com\/en\/wp-json\/wp\/v2\/media\/?parent=927"}],"curies":[{"name":"wp","href":"https:\/\/api.w.org\/{rel}","templated":true}]}}