{"id":859,"date":"2015-10-16T03:46:26","date_gmt":"2015-10-16T03:46:26","guid":{"rendered":"http:\/\/www.chateau-auris.com\/en\/style-de-vins\/"},"modified":"2018-08-10T15:40:26","modified_gmt":"2018-08-10T14:40:26","slug":"style-de-vins","status":"publish","type":"page","link":"https:\/\/www.chateau-auris.com\/en\/style-de-vins\/","title":{"rendered":"Style de vins"},"content":{"rendered":"<div class=\"vc_row wpb_row vc_row-fluid\"><div class=\"wpb_column vc_column_container vc_col-sm-12\"><div class=\"wpb_wrapper\"><h2 style=\"text-align: left;font-family:Cinzel;font-weight:400;font-style:normal\" class=\"vc_custom_heading\">Le chais<\/h2><\/div><\/div><\/div><div class=\"vc_row wpb_row vc_row-fluid\"><div class=\"wpb_column vc_column_container vc_col-sm-12\"><div class=\"wpb_wrapper\">\n\t<div class=\"wpb_text_column wpb_content_element \">\n\t\t<div class=\"wpb_wrapper\">\n\t\t\t<p>Id\u00e9alement positionn\u00e9s les chais sont constitu\u00e9s de 3 parties distinctes:<\/p>\n\n\t\t<\/div>\n\t<\/div>\n<\/div><\/div><\/div><div class=\"vc_row wpb_row vc_row-fluid\"><div class=\"wpb_column vc_column_container vc_col-sm-4\"><div class=\"wpb_wrapper\"><h6 style=\"color: #b26e20;text-align: center;font-family:Cinzel;font-weight:400;font-style:normal\" class=\"vc_custom_heading\">Le cuvier de vinification<\/h6>\n\t<div class=\"wpb_single_image wpb_content_element vc_align_center\">\n\t\t<div class=\"wpb_wrapper\">\n\t\t\t\n\t\t\t<div class=\"vc_single_image-wrapper vc_box_circle  vc_box_border_grey\"><img loading=\"lazy\" decoding=\"async\" width=\"150\" height=\"150\" src=\"https:\/\/www.chateau-auris.com\/wp-content\/uploads\/2015\/10\/Cuverie-Auris-150x150.jpg\" class=\"vc_single_image-img attachment-thumbnail\" alt=\"\" \/><\/div>\n\t\t<\/div>\n\t<\/div>\n\n\t<div class=\"wpb_text_column wpb_content_element \">\n\t\t<div class=\"wpb_wrapper\">\n\t\t\t<p>Comprenant un ensemble de cuves b\u00e9ton et inox, ce cuvier peut recevoir la r\u00e9colte au choix par le haut (au dessus des cuves) ou par le bas (le b\u00e2timent est semi enterr\u00e9).<\/p>\n\n\t\t<\/div>\n\t<\/div>\n<\/div><\/div><div class=\"wpb_column vc_column_container vc_col-sm-4\"><div class=\"wpb_wrapper\"><h6 style=\"color: #b26e20;text-align: center;font-family:Cinzel;font-weight:400;font-style:normal\" class=\"vc_custom_heading\">Le Chai \u00e0 barrique<\/h6>\n\t<div class=\"wpb_single_image wpb_content_element vc_align_center\">\n\t\t<div class=\"wpb_wrapper\">\n\t\t\t\n\t\t\t<div class=\"vc_single_image-wrapper vc_box_circle  vc_box_border_grey\"><img loading=\"lazy\" decoding=\"async\" width=\"150\" height=\"150\" src=\"https:\/\/www.chateau-auris.com\/wp-content\/uploads\/2015\/10\/Chai-Auris-150x150.jpeg\" class=\"vc_single_image-img attachment-thumbnail\" alt=\"\" \/><\/div>\n\t\t<\/div>\n\t<\/div>\n\n\t<div class=\"wpb_text_column wpb_content_element \">\n\t\t<div class=\"wpb_wrapper\">\n\t\t\t<p>Enterr\u00e9, il permet des conditions d\u2019\u00e9levage des vins naturelles optimales. Il peut contenir 250 barriques.<\/p>\n\n\t\t<\/div>\n\t<\/div>\n<\/div><\/div><div class=\"wpb_column vc_column_container vc_col-sm-4\"><div class=\"wpb_wrapper\"><h6 style=\"color: #b26e20;text-align: center;font-family:Cinzel;font-weight:400;font-style:normal\" class=\"vc_custom_heading\">Le Bouteiller<\/h6>\n\t<div class=\"wpb_single_image wpb_content_element vc_align_center\">\n\t\t<div class=\"wpb_wrapper\">\n\t\t\t\n\t\t\t<div class=\"vc_single_image-wrapper vc_box_circle  vc_box_border_grey\"><img loading=\"lazy\" decoding=\"async\" width=\"150\" height=\"150\" src=\"https:\/\/www.chateau-auris.com\/wp-content\/uploads\/2015\/10\/maxresdefault-150x150.jpg\" class=\"vc_single_image-img attachment-thumbnail\" alt=\"\" \/><\/div>\n\t\t<\/div>\n\t<\/div>\n\n\t<div class=\"wpb_text_column wpb_content_element \">\n\t\t<div class=\"wpb_wrapper\">\n\t\t\t<p>A cot\u00e9 (mais s\u00e9par\u00e9) des autres b\u00e2timents, il permet la bonne gestion (dans des conditions plus s\u00e8ches que le cuvier ou le chai \u00e0 barrique) de l\u2019embouteillage, des bouteilles et des conditions d\u2019exp\u00e9dition.<\/p>\n\n\t\t<\/div>\n\t<\/div>\n<\/div><\/div><\/div><div class=\"vc_row wpb_row vc_row-fluid\"><div class=\"wpb_column vc_column_container vc_col-sm-12\"><div class=\"wpb_wrapper\"><h2 style=\"text-align: left;font-family:Cinzel;font-weight:400;font-style:normal\" class=\"vc_custom_heading\">Style de vins<\/h2><\/div><\/div><\/div><div class=\"vc_row wpb_row vc_row-fluid\"><div class=\"wpb_column vc_column_container vc_col-sm-4\"><div class=\"wpb_wrapper\">\n\t<div class=\"wpb_single_image wpb_content_element vc_align_center\">\n\t\t<div class=\"wpb_wrapper\">\n\t\t\t\n\t\t\t<div class=\"vc_single_image-wrapper vc_box_circle  vc_box_border_grey\"><img loading=\"lazy\" decoding=\"async\" width=\"150\" height=\"150\" src=\"https:\/\/www.chateau-auris.com\/wp-content\/uploads\/2015\/10\/Wine-150x150.jpg\" class=\"vc_single_image-img attachment-thumbnail\" alt=\"\" \/><\/div>\n\t\t<\/div>\n\t<\/div>\n\n\t<div class=\"wpb_text_column wpb_content_element \">\n\t\t<div class=\"wpb_wrapper\">\n\t\t\t<p>Atypiques les vins du Ch\u00e2teau AURIS, s\u2019imposent, sans tambour, par leur noble finesse.<\/p>\n\n\t\t<\/div>\n\t<\/div>\n<\/div><\/div><div class=\"wpb_column vc_column_container vc_col-sm-4\"><div class=\"wpb_wrapper\">\n\t<div class=\"wpb_single_image wpb_content_element vc_align_center\">\n\t\t<div class=\"wpb_wrapper\">\n\t\t\t\n\t\t\t<div class=\"vc_single_image-wrapper vc_box_circle  vc_box_border_grey\"><img loading=\"lazy\" decoding=\"async\" width=\"150\" height=\"150\" src=\"https:\/\/www.chateau-auris.com\/wp-content\/uploads\/2015\/10\/New-Auris-037-150x150.jpg\" class=\"vc_single_image-img attachment-thumbnail\" alt=\"\" \/><\/div>\n\t\t<\/div>\n\t<\/div>\n\n\t<div class=\"wpb_text_column wpb_content_element \">\n\t\t<div class=\"wpb_wrapper\">\n\t\t\t<p>Avec un terroir pentu et rocailleux, ces vins, issu d\u2019un travail vigneron opini\u00e2tre sont denses et fins \u00e0 la fois.<\/p>\n\n\t\t<\/div>\n\t<\/div>\n<\/div><\/div><div class=\"wpb_column vc_column_container vc_col-sm-4\"><div class=\"wpb_wrapper\">\n\t<div class=\"wpb_single_image wpb_content_element vc_align_center\">\n\t\t<div class=\"wpb_wrapper\">\n\t\t\t\n\t\t\t<div class=\"vc_single_image-wrapper vc_box_circle  vc_box_border_grey\"><img loading=\"lazy\" decoding=\"async\" width=\"150\" height=\"150\" src=\"https:\/\/www.chateau-auris.com\/wp-content\/uploads\/2015\/10\/montagut-massif-de-Fontfroide-150x150.jpg\" class=\"vc_single_image-img attachment-thumbnail\" alt=\"\" \/><\/div>\n\t\t<\/div>\n\t<\/div>\n\n\t<div class=\"wpb_text_column wpb_content_element \">\n\t\t<div class=\"wpb_wrapper\">\n\t\t\t<p>Les vins du Ch\u00e2teau AURIS rayonnent, anoblissent les Corbi\u00e8res dont ils sont de grands ambassadeurs dans le monde.<\/p>\n\n\t\t<\/div>\n\t<\/div>\n<\/div><\/div><\/div>\n","protected":false},"excerpt":{"rendered":"Le chais Id\u00e9alement positionn\u00e9s les chais sont constitu\u00e9s de 3 parties distinctes: Le cuvier de vinification Comprenant un ensemble de cuves b\u00e9ton et inox, ce cuvier peut recevoir la r\u00e9colte au choix par le haut (au dessus des cuves) ou par le bas (le b\u00e2timent est semi enterr\u00e9). Le Chai \u00e0 barrique Enterr\u00e9, il permet [...]","protected":false},"author":2,"featured_media":738,"parent":0,"menu_order":0,"comment_status":"closed","ping_status":"closed","template":"","meta":{"footnotes":""},"_links":{"self":[{"href":"https:\/\/www.chateau-auris.com\/en\/wp-json\/wp\/v2\/pages\/859\/"}],"collection":[{"href":"https:\/\/www.chateau-auris.com\/en\/wp-json\/wp\/v2\/pages\/"}],"about":[{"href":"https:\/\/www.chateau-auris.com\/en\/wp-json\/wp\/v2\/types\/page\/"}],"author":[{"embeddable":true,"href":"https:\/\/www.chateau-auris.com\/en\/wp-json\/wp\/v2\/users\/2\/"}],"replies":[{"embeddable":true,"href":"https:\/\/www.chateau-auris.com\/en\/wp-json\/wp\/v2\/comments\/?post=859"}],"version-history":[{"count":3,"href":"https:\/\/www.chateau-auris.com\/en\/wp-json\/wp\/v2\/pages\/859\/revisions\/"}],"predecessor-version":[{"id":1345,"href":"https:\/\/www.chateau-auris.com\/en\/wp-json\/wp\/v2\/pages\/859\/revisions\/1345\/"}],"wp:featuredmedia":[{"embeddable":true,"href":"https:\/\/www.chateau-auris.com\/en\/wp-json\/wp\/v2\/media\/738\/"}],"wp:attachment":[{"href":"https:\/\/www.chateau-auris.com\/en\/wp-json\/wp\/v2\/media\/?parent=859"}],"curies":[{"name":"wp","href":"https:\/\/api.w.org\/{rel}","templated":true}]}}