{"id":833,"date":"2015-10-20T07:27:59","date_gmt":"2015-10-20T07:27:59","guid":{"rendered":"http:\/\/www.chateau-auris.com\/en\/le-chateau\/"},"modified":"2016-04-15T06:43:44","modified_gmt":"2016-04-15T06:43:44","slug":"the-castle","status":"publish","type":"page","link":"https:\/\/www.chateau-auris.com\/en\/the-castle\/","title":{"rendered":"The castle"},"content":{"rendered":"<div class=\"vc_row wpb_row vc_row-fluid\"><div class=\"wpb_column vc_column_container vc_col-sm-6\"><div class=\"wpb_wrapper\">\n\t<div class=\"wpb_text_column wpb_content_element \">\n\t\t<div class=\"wpb_wrapper\">\n\t\t\t<p>Access to the Auris estate is via the D613 road. This was once the main Corbi\u00e8res route: from Narbonne and the rue des Fours \u00e0 Chaux, it led to the estates of Pastouret, Jonqui\u00e8res, Aussi\u00e8res, Auris and Saint Julien-de-Septime and Fontfroide abbey, then continued on to Lagrasse. The Corbi\u00e8res route joins the D613 just before Auris.<\/p>\n<p>The present-day buildings at Auris, which are clearly visible from the road to Narbonne, are those of a wine estate dating back to the end of the 19th century with its dovecot, sizeable, practical wine cellar, beautiful manor house, farm buildings and grounds which are unique in that they join seamlessly with the neighbouring hill, forming an uninterrupted expanse of woodland.<br \/>\nAuris currently extends over a total 300 hectares, including a 40-hectare vineyard surrounding the buildings and a beautiful stretch of tree-covered hills reaching out towards the East. It stretches over the western slopes of the Massif de Fontfroide whose highest point stands 300 m above sea level.<\/p>\n<p>Even Auris\u2019 name harks back to its extremely ancient past, referring to the Roman surname Auricus.<\/p>\n\n\t\t<\/div>\n\t<\/div>\n<\/div><\/div><div class=\"wpb_column vc_column_container vc_col-sm-6\"><div class=\"wpb_wrapper\">\n\t<div class=\"wpb_single_image wpb_content_element vc_align_left\">\n\t\t<div class=\"wpb_wrapper\">\n\t\t\t\n\t\t\t<div class=\"vc_single_image-wrapper   vc_box_border_grey\"><img loading=\"lazy\" decoding=\"async\" width=\"1024\" height=\"768\" src=\"https:\/\/www.chateau-auris.com\/wp-content\/uploads\/2015\/10\/New-Auris-092-1024x768.jpg\" class=\"vc_single_image-img attachment-large\" alt=\"\" srcset=\"https:\/\/www.chateau-auris.com\/wp-content\/uploads\/2015\/10\/New-Auris-092-1024x768.jpg 1024w, https:\/\/www.chateau-auris.com\/wp-content\/uploads\/2015\/10\/New-Auris-092-300x225.jpg 300w, https:\/\/www.chateau-auris.com\/wp-content\/uploads\/2015\/10\/New-Auris-092-380x285.jpg 380w\" sizes=\"(max-width: 1024px) 100vw, 1024px\" \/><\/div>\n\t\t<\/div>\n\t<\/div>\n<\/div><\/div><\/div>\n","protected":false},"excerpt":{"rendered":"Access to the Auris estate is via the D613 road. This was once the main Corbi\u00e8res route: from Narbonne and the rue des Fours \u00e0 Chaux, it led to the estates of Pastouret, Jonqui\u00e8res, Aussi\u00e8res, Auris and Saint Julien-de-Septime and Fontfroide abbey, then continued on to Lagrasse. The Corbi\u00e8res route joins the D613 just before [...]","protected":false},"author":2,"featured_media":734,"parent":0,"menu_order":0,"comment_status":"closed","ping_status":"closed","template":"","meta":{"footnotes":""},"_links":{"self":[{"href":"https:\/\/www.chateau-auris.com\/en\/wp-json\/wp\/v2\/pages\/833\/"}],"collection":[{"href":"https:\/\/www.chateau-auris.com\/en\/wp-json\/wp\/v2\/pages\/"}],"about":[{"href":"https:\/\/www.chateau-auris.com\/en\/wp-json\/wp\/v2\/types\/page\/"}],"author":[{"embeddable":true,"href":"https:\/\/www.chateau-auris.com\/en\/wp-json\/wp\/v2\/users\/2\/"}],"replies":[{"embeddable":true,"href":"https:\/\/www.chateau-auris.com\/en\/wp-json\/wp\/v2\/comments\/?post=833"}],"version-history":[{"count":1,"href":"https:\/\/www.chateau-auris.com\/en\/wp-json\/wp\/v2\/pages\/833\/revisions\/"}],"predecessor-version":[{"id":842,"href":"https:\/\/www.chateau-auris.com\/en\/wp-json\/wp\/v2\/pages\/833\/revisions\/842\/"}],"wp:featuredmedia":[{"embeddable":true,"href":"https:\/\/www.chateau-auris.com\/en\/wp-json\/wp\/v2\/media\/734\/"}],"wp:attachment":[{"href":"https:\/\/www.chateau-auris.com\/en\/wp-json\/wp\/v2\/media\/?parent=833"}],"curies":[{"name":"wp","href":"https:\/\/api.w.org\/{rel}","templated":true}]}}